{"id":626,"date":"2024-06-10T21:25:17","date_gmt":"2024-06-10T21:25:17","guid":{"rendered":"https:\/\/drgarzaurologoenmerida.com\/my\/?page_id=626"},"modified":"2024-06-10T21:38:48","modified_gmt":"2024-06-10T21:38:48","slug":"molestias-urinarias","status":"publish","type":"page","link":"https:\/\/drgarzaurologoenmerida.com\/my\/molestias-urinarias\/","title":{"rendered":"Molestias Urinarias"},"content":{"rendered":"<div class=\"style-437 style-local-626-c1 position-relative\" data-colibri-id=\"626-c1\">\r\n<div id=\"initial-content\" class=\"h-section h-section-global-spacing d-flex align-items-lg-center align-items-md-center align-items-center style-438 style-local-626-c2 position-relative\" data-colibri-component=\"section\" data-colibri-id=\"626-c2\">\r\n<div class=\"h-section-grid-container h-section-boxed-container\">\r\n<div class=\"h-row-container gutters-row-lg-2 gutters-row-md-2 gutters-row-0 gutters-row-v-lg-2 gutters-row-v-md-2 gutters-row-v-2 style-439 style-local-626-c3 position-relative\" data-colibri-id=\"626-c3\">\r\n<div class=\"h-row justify-content-lg-center justify-content-md-center justify-content-center align-items-lg-stretch align-items-md-stretch align-items-stretch gutters-col-lg-2 gutters-col-md-2 gutters-col-0 gutters-col-v-lg-2 gutters-col-v-md-2 gutters-col-v-2\">\r\n<div class=\"h-column h-column-container d-flex h-col-lg-auto h-col-md-auto h-col-auto style-440-outer style-local-626-c4-outer\">\r\n<div class=\"d-flex h-flex-basis h-column__inner h-px-lg-2 h-px-md-2 h-px-2 v-inner-lg-2 v-inner-md-2 v-inner-2 style-440 style-local-626-c4 position-relative\" data-colibri-id=\"626-c4\">\r\n<div class=\"w-100 h-y-container h-column__content h-column__v-align flex-basis-100 align-self-lg-start align-self-md-start align-self-start\">\r\n<div class=\"style-441 style-local-626-c5 position-relative h-element\" data-colibri-id=\"626-c5\">\r\n<div>\r\n\r\n<img loading=\"lazy\" decoding=\"async\" class=\"alignnone size-large wp-image-643\" src=\"https:\/\/drgarzaurologoenmerida.com\/my\/wp-content\/uploads\/2024\/06\/salud-hombres-600x600.jpg\" alt=\"\" width=\"600\" height=\"600\" srcset=\"https:\/\/drgarzaurologoenmerida.com\/my\/wp-content\/uploads\/2024\/06\/salud-hombres-600x600.jpg 600w, https:\/\/drgarzaurologoenmerida.com\/my\/wp-content\/uploads\/2024\/06\/salud-hombres-150x150.jpg 150w, https:\/\/drgarzaurologoenmerida.com\/my\/wp-content\/uploads\/2024\/06\/salud-hombres-768x768.jpg 768w, https:\/\/drgarzaurologoenmerida.com\/my\/wp-content\/uploads\/2024\/06\/salud-hombres.jpg 1024w\" sizes=\"(max-width: 600px) 100vw, 600px\" \/>\r\n<p style=\"text-align: justify;\">Las molestias urinarias pueden ser un indicio de diversas afecciones del tracto urinario. Aqu\u00ed se presentan los cinco s\u00edntomas principales asociados con las molestias urinarias:<\/p>\r\n<p style=\"text-align: justify;\"><strong>1. Disuria (dolor o ardor al orinar):<\/strong> La disuria es uno de los s\u00edntomas m\u00e1s comunes y puede ser indicativa de una infecci\u00f3n urinaria, inflamaci\u00f3n del tracto urinario, o una obstrucci\u00f3n en la uretra. El dolor o ardor\r\nsuele ser m\u00e1s pronunciado durante la micci\u00f3n.<\/p>\r\n<p style=\"text-align: justify;\"><strong>2. Poliuria (aumento en la frecuencia de la micci\u00f3n):<\/strong> La necesidad frecuente de orinar, incluso cuando la cantidad de orina es peque\u00f1a, puede ser un s\u00edntoma de una infecci\u00f3n del tracto urinario (ITU), vejiga hiperactiva,\r\ndiabetes o problemas en la pr\u00f3stata en hombres.<\/p>\r\n<p style=\"text-align: justify;\"><strong>3. Urgencia urinaria:<\/strong> La sensaci\u00f3n de una necesidad urgente e incontrolable de orinar puede ser causada por infecciones urinarias, cistitis intersticial, o condiciones que afectan la vejiga. Esta urgencia puede ocurrir\r\nincluso cuando la vejiga no est\u00e1 llena.<\/p>\r\n<p style=\"text-align: justify;\"><strong>4. Hematuria (sangre en la orina):<\/strong> La presencia de sangre en la orina, que puede variar desde un color rosado claro hasta rojo intenso, es un s\u00edntoma alarmante que puede indicar infecciones, c\u00e1lculos renales, lesiones\r\nen el tracto urinario, o, en casos m\u00e1s graves, c\u00e1ncer de vejiga o de ri\u00f1\u00f3n.<\/p>\r\n<p style=\"text-align: justify;\"><strong>5. Dolor en la parte baja del abdomen o en la zona lumbar:<\/strong> El dolor abdominal inferior o lumbar puede ser un signo de infecci\u00f3n urinaria, especialmente si se acompa\u00f1a de otros s\u00edntomas como fiebre o cambios en el color\r\no el olor de la orina. Este dolor tambi\u00e9n puede estar relacionado con c\u00e1lculos renales o problemas de la vejiga.<\/p>\r\n<p style=\"text-align: justify;\">Es importante recordar que estos s\u00edntomas pueden variar en intensidad y frecuencia, y la presencia de uno o m\u00e1s de ellos justifica una evaluaci\u00f3n m\u00e9dica para determinar la causa subyacente y recibir el tratamiento adecuado. La detecci\u00f3n\r\ntemprana y el manejo adecuado de las molestias urinarias pueden prevenir complicaciones y mejorar significativamente la calidad de vida.<\/p>\r\n\r\n<\/div>\r\n<\/div>\r\n<\/div>\r\n<\/div>\r\n<\/div>\r\n<\/div>\r\n<\/div>\r\n<\/div>\r\n<\/div>\r\n<\/div>","protected":false},"excerpt":{"rendered":"<p>Las molestias urinarias pueden ser un indicio de diversas afecciones del tracto urinario. Aqu\u00ed se presentan los cinco s\u00edntomas principales asociados con las molestias urinarias: 1. Disuria (dolor o ardor al orinar): La disuria es uno de los s\u00edntomas m\u00e1s comunes y puede ser indicativa de una infecci\u00f3n urinaria, inflamaci\u00f3n del tracto urinario, o una [&hellip;]<\/p>\n","protected":false},"author":1,"featured_media":0,"parent":0,"menu_order":0,"comment_status":"closed","ping_status":"closed","template":"page-templates\/full-width-page.php","meta":{"footnotes":""},"_links":{"self":[{"href":"https:\/\/drgarzaurologoenmerida.com\/my\/wp-json\/wp\/v2\/pages\/626"}],"collection":[{"href":"https:\/\/drgarzaurologoenmerida.com\/my\/wp-json\/wp\/v2\/pages"}],"about":[{"href":"https:\/\/drgarzaurologoenmerida.com\/my\/wp-json\/wp\/v2\/types\/page"}],"author":[{"embeddable":true,"href":"https:\/\/drgarzaurologoenmerida.com\/my\/wp-json\/wp\/v2\/users\/1"}],"replies":[{"embeddable":true,"href":"https:\/\/drgarzaurologoenmerida.com\/my\/wp-json\/wp\/v2\/comments?post=626"}],"version-history":[{"count":10,"href":"https:\/\/drgarzaurologoenmerida.com\/my\/wp-json\/wp\/v2\/pages\/626\/revisions"}],"predecessor-version":[{"id":644,"href":"https:\/\/drgarzaurologoenmerida.com\/my\/wp-json\/wp\/v2\/pages\/626\/revisions\/644"}],"wp:attachment":[{"href":"https:\/\/drgarzaurologoenmerida.com\/my\/wp-json\/wp\/v2\/media?parent=626"}],"curies":[{"name":"wp","href":"https:\/\/api.w.org\/{rel}","templated":true}]}}