{"id":611,"date":"2024-06-10T21:19:47","date_gmt":"2024-06-10T21:19:47","guid":{"rendered":"https:\/\/drgarzaurologoenmerida.com\/my\/?page_id=611"},"modified":"2024-06-10T21:23:21","modified_gmt":"2024-06-10T21:23:21","slug":"salud-sexual-y-reproductiva","status":"publish","type":"page","link":"https:\/\/drgarzaurologoenmerida.com\/my\/salud-sexual-y-reproductiva\/","title":{"rendered":"Salud sexual y reproductiva"},"content":{"rendered":"<div class=\"style-432 style-local-611-c1 position-relative\" data-colibri-id=\"611-c1\">\r\n<div id=\"initial-content\" class=\"h-section h-section-global-spacing d-flex align-items-lg-center align-items-md-center align-items-center style-433 style-local-611-c2 position-relative\" data-colibri-component=\"section\" data-colibri-id=\"611-c2\">\r\n<div class=\"h-section-grid-container h-section-boxed-container\">\r\n<div class=\"h-row-container gutters-row-lg-2 gutters-row-md-2 gutters-row-0 gutters-row-v-lg-2 gutters-row-v-md-2 gutters-row-v-2 style-434 style-local-611-c3 position-relative\" data-colibri-id=\"611-c3\">\r\n<div class=\"h-row justify-content-lg-center justify-content-md-center justify-content-center align-items-lg-stretch align-items-md-stretch align-items-stretch gutters-col-lg-2 gutters-col-md-2 gutters-col-0 gutters-col-v-lg-2 gutters-col-v-md-2 gutters-col-v-2\">\r\n<div class=\"h-column h-column-container d-flex h-col-lg-auto h-col-md-auto h-col-auto style-435-outer style-local-611-c4-outer\">\r\n<div class=\"d-flex h-flex-basis h-column__inner h-px-lg-2 h-px-md-2 h-px-2 v-inner-lg-2 v-inner-md-2 v-inner-2 style-435 style-local-611-c4 position-relative\" data-colibri-id=\"611-c4\">\r\n<div class=\"w-100 h-y-container h-column__content h-column__v-align flex-basis-100 align-self-lg-start align-self-md-start align-self-start\">\r\n<div class=\"style-436 style-local-611-c5 position-relative h-element\" data-colibri-id=\"611-c5\">\r\n<div>\r\n\r\n<img loading=\"lazy\" decoding=\"async\" class=\"alignnone size-large wp-image-612\" src=\"https:\/\/drgarzaurologoenmerida.com\/my\/wp-content\/uploads\/2024\/06\/salud-sexual-600x600.jpg\" alt=\"\" width=\"600\" height=\"600\" srcset=\"https:\/\/drgarzaurologoenmerida.com\/my\/wp-content\/uploads\/2024\/06\/salud-sexual-600x600.jpg 600w, https:\/\/drgarzaurologoenmerida.com\/my\/wp-content\/uploads\/2024\/06\/salud-sexual-150x150.jpg 150w, https:\/\/drgarzaurologoenmerida.com\/my\/wp-content\/uploads\/2024\/06\/salud-sexual-768x768.jpg 768w, https:\/\/drgarzaurologoenmerida.com\/my\/wp-content\/uploads\/2024\/06\/salud-sexual.jpg 1024w\" sizes=\"(max-width: 600px) 100vw, 600px\" \/><br><br>\r\n<p style=\"text-align: justify;\">La salud sexual y reproductiva es un componente esencial del bienestar general y una parte integral de los derechos humanos. Abarca una variedad de aspectos que afectan la vida de las personas, desde la capacidad de disfrutar de relaciones\r\nsexuales seguras y satisfactorias hasta la posibilidad de decidir sobre la reproducci\u00f3n de manera informada y sin coacci\u00f3n. La importancia de la salud sexual y reproductiva se extiende a m\u00faltiples dimensiones de la vida individual\r\ny social, y es fundamental para alcanzar una sociedad equitativa y saludable.<\/p>\r\n<p style=\"text-align: justify;\">En primer lugar, la salud sexual y reproductiva es crucial para la salud f\u00edsica. La capacidad de acceder a servicios de salud de calidad permite a las personas recibir atenci\u00f3n preventiva y tratamientos para enfermedades de transmisi\u00f3n\r\nsexual (ETS), c\u00e1nceres reproductivos, y otros problemas de salud relacionados. La educaci\u00f3n y el acceso a m\u00e9todos anticonceptivos efectivos son vitales para prevenir embarazos no deseados y sus posibles complicaciones, que pueden\r\nponer en riesgo la vida de las personas gestantes. Adem\u00e1s, la atenci\u00f3n prenatal adecuada y los servicios de parto seguro son esenciales para reducir la mortalidad materna e infantil, mejorando as\u00ed los resultados de salud para las\r\nmadres y sus beb\u00e9s.<\/p>\r\n<p style=\"text-align: justify;\">La salud sexual y reproductiva tambi\u00e9n tiene un impacto significativo en la salud mental y emocional. El estr\u00e9s y la ansiedad causados por la falta de acceso a servicios de salud reproductiva, embarazos no deseados o enfermedades sexuales\r\nno tratadas pueden afectar gravemente el bienestar emocional. El acceso a informaci\u00f3n precisa y confidencialidad en los servicios de salud permite a las personas tomar decisiones informadas sobre su vida sexual y reproductiva, reduciendo\r\nel estr\u00e9s y mejorando la calidad de vida.<\/p>\r\n<p style=\"text-align: justify;\">En conclusi\u00f3n, la salud sexual y reproductiva es fundamental para el bienestar integral de las personas y las comunidades. Garantizar el acceso a servicios de salud de calidad, educaci\u00f3n sexual y derechos reproductivos es esencial\r\npara construir sociedades m\u00e1s saludables, equitativas y justas. La atenci\u00f3n adecuada a la salud sexual y reproductiva empodera a las personas, promueve la igualdad de g\u00e9nero y contribuye al desarrollo sostenible, subrayando su importancia\r\ncomo una prioridad global de salud p\u00fablica.<\/p>\r\n\r\n<\/div>\r\n<\/div>\r\n<\/div>\r\n<\/div>\r\n<\/div>\r\n<\/div>\r\n<\/div>\r\n<\/div>\r\n<\/div>\r\n<\/div>","protected":false},"excerpt":{"rendered":"<p>La salud sexual y reproductiva es un componente esencial del bienestar general y una parte integral de los derechos humanos. Abarca una variedad de aspectos que afectan la vida de las personas, desde la capacidad de disfrutar de relaciones sexuales seguras y satisfactorias hasta la posibilidad de decidir sobre la reproducci\u00f3n de manera informada y [&hellip;]<\/p>\n","protected":false},"author":1,"featured_media":0,"parent":0,"menu_order":0,"comment_status":"closed","ping_status":"closed","template":"page-templates\/full-width-page.php","meta":{"footnotes":""},"_links":{"self":[{"href":"https:\/\/drgarzaurologoenmerida.com\/my\/wp-json\/wp\/v2\/pages\/611"}],"collection":[{"href":"https:\/\/drgarzaurologoenmerida.com\/my\/wp-json\/wp\/v2\/pages"}],"about":[{"href":"https:\/\/drgarzaurologoenmerida.com\/my\/wp-json\/wp\/v2\/types\/page"}],"author":[{"embeddable":true,"href":"https:\/\/drgarzaurologoenmerida.com\/my\/wp-json\/wp\/v2\/users\/1"}],"replies":[{"embeddable":true,"href":"https:\/\/drgarzaurologoenmerida.com\/my\/wp-json\/wp\/v2\/comments?post=611"}],"version-history":[{"count":6,"href":"https:\/\/drgarzaurologoenmerida.com\/my\/wp-json\/wp\/v2\/pages\/611\/revisions"}],"predecessor-version":[{"id":625,"href":"https:\/\/drgarzaurologoenmerida.com\/my\/wp-json\/wp\/v2\/pages\/611\/revisions\/625"}],"wp:attachment":[{"href":"https:\/\/drgarzaurologoenmerida.com\/my\/wp-json\/wp\/v2\/media?parent=611"}],"curies":[{"name":"wp","href":"https:\/\/api.w.org\/{rel}","templated":true}]}}