{"id":32,"date":"2024-02-01T21:34:44","date_gmt":"2024-02-01T21:34:44","guid":{"rendered":"https:\/\/drgarzaurologoenmerida.com\/my\/our-story\/"},"modified":"2024-07-09T15:09:46","modified_gmt":"2024-07-09T15:09:46","slug":"acercademi","status":"publish","type":"page","link":"https:\/\/drgarzaurologoenmerida.com\/my\/acercademi\/","title":{"rendered":"Acerca de mi"},"content":{"rendered":"<div data-colibri-id=\"32-c1\" class=\"style-362 style-local-32-c1 position-relative\">\n  <!---->\n  <div data-colibri-component=\"section\" data-colibri-id=\"32-c2\" id=\"about\" class=\"h-section h-section-global-spacing d-flex align-items-lg-center align-items-md-center align-items-center style-367 style-local-32-c2 position-relative\">\n    <!---->\n    <!---->\n    <div class=\"h-section-grid-container h-section-boxed-container\">\n      <!---->\n      <div data-colibri-id=\"32-c3\" class=\"h-row-container gutters-row-lg-0 gutters-row-md-0 gutters-row-0 gutters-row-v-lg-0 gutters-row-v-md-0 gutters-row-v-0 style-368 style-local-32-c3 position-relative\">\n        <!---->\n        <div class=\"h-row justify-content-lg-center justify-content-md-center justify-content-center align-items-lg-stretch align-items-md-stretch align-items-stretch gutters-col-lg-0 gutters-col-md-0 gutters-col-0 gutters-col-v-lg-0 gutters-col-v-md-0 gutters-col-v-0\">\n          <!---->\n          <div class=\"h-column h-column-container d-flex h-col-lg-auto h-col-md-auto h-col-auto style-369-outer style-local-32-c4-outer\">\n            <div data-colibri-id=\"32-c4\" class=\"d-flex h-flex-basis h-column__inner h-px-lg-0 h-px-md-0 h-px-0 v-inner-lg-0 v-inner-md-0 v-inner-0 style-369 style-local-32-c4 position-relative\">\n              <!---->\n              <!---->\n              <div class=\"w-100 h-y-container h-column__content h-column__v-align flex-basis-100 align-self-lg-start align-self-md-start align-self-start\">\n                <!---->\n                <div data-colibri-id=\"32-c5\" class=\"h-global-transition-all h-heading style-370 style-local-32-c5 position-relative h-element\">\n                  <!---->\n                  <div class=\"h-heading__outer style-370 style-local-32-c5\">\n                    <!---->\n                    <!---->\n                    <h3 class=\"\">Dr. Alejandro Garza Mart\u00ednez<\/h3>\n                  <\/div>\n                <\/div>\n                <div data-colibri-id=\"32-c6\" class=\"h-global-transition-all h-heading style-371 style-local-32-c6 position-relative h-element\">\n                  <!---->\n                  <div class=\"h-heading__outer style-371 style-local-32-c6\">\n                    <!---->\n                    <!---->\n                    <h4 class=\"\">Cirujano Ur\u00f3logo Certificado<\/h4>\n                  <\/div>\n                <\/div>\n                <div data-colibri-id=\"32-c7\" class=\"h-text h-text-component style-407 style-local-32-c7 position-relative h-element\">\n                  <!---->\n                  <!---->\n                  <div class=\"\">\n                    <p><span style=\"color: rgb(27, 39, 52); font-family: Roboto, Helvetica Neue, Helvetica, Segoe UI, Arial, Noto Sans, Liberation Sans, system-ui, -apple-system, sans-serif, Apple Color Emoji, Segoe UI Emoji, Segoe UI Symbol, Noto Color Emoji; font-size: 15px; font-weight: 400;\">Qu\u00e9 tal, soy el Dr. Alejandro Garza Mart\u00ednez, soy Cirujano Ur\u00f3logo Certificado y me dedico a la pr\u00e1ctica privada y p\u00fablica de mi especialidad en la ciudad de M\u00e9rida, Yuc.<\/span>\n                      <br>\n                      <br><span style=\"color: rgb(27, 39, 52); font-family: Roboto, Helvetica Neue, Helvetica, Segoe UI, Arial, Noto Sans, Liberation Sans, system-ui, -apple-system, sans-serif, Apple Color Emoji, Segoe UI Emoji, Segoe UI Symbol, Noto Color Emoji; font-size: 15px; font-weight: 400;\">Me gustar\u00eda ayudarte, cu\u00e9ntame tu problema m\u00e9dico urol\u00f3gico, estoy para escucharte y para que juntos podamos encontrar una soluci\u00f3n.<\/span><\/p>\n                    <p><strong>\ud83d\udc68\ud83c\udffc\u200d\u2695 \ud835\udc6a\ud835\udc70\ud835\udc79\ud835\udc7c\ud835\udc71\ud835\udc68\ud835\udc75\ud835\udc76 \ud835\udc7c\ud835\udc79\ud835\udc76\u0301\ud835\udc73\ud835\udc76\ud835\udc6e\ud835\udc76<\/strong><\/p>\n                    <p><strong>\ud83e\udd7cCed Prof 8457468 UANL <\/strong><\/p>\n                    <p><strong>\u269cCed Esp 13088918 UADY<\/strong><\/p>\n                    <p><strong>\u00a9 Certificado CONAMEU 1954<\/strong><\/p>\n                    <p><strong>\u00a9Registro COFEPRIS: 2431012002A00082<\/strong><\/p>\n                    <p>\n                      <br>\n                    <\/p>\n                  <\/div>\n                <\/div>\n              <\/div>\n            <\/div>\n          <\/div>\n          <div class=\"h-column h-column-container d-flex h-col-lg-auto h-col-md-auto h-col-auto style-373-outer style-local-32-c8-outer\">\n            <div data-colibri-id=\"32-c8\" class=\"d-flex h-flex-basis h-column__inner h-ui-empty-state-container h-px-lg-2 h-px-md-2 h-px-2 v-inner-lg-2 v-inner-md-2 v-inner-2 style-373 style-local-32-c8 position-relative\">\n              <!---->\n              <!---->\n              <div class=\"w-100 h-y-container h-column__content h-column__v-align flex-basis-100\">\n                <!---->\n              <\/div>\n            <\/div>\n          <\/div>\n        <\/div>\n      <\/div>\n      <div data-colibri-id=\"32-c9\" class=\"h-row-container gutters-row-lg-2 gutters-row-md-2 gutters-row-0 gutters-row-v-lg-2 gutters-row-v-md-2 gutters-row-v-2 style-377 style-local-32-c9 position-relative\">\n        <!---->\n        <div class=\"h-row justify-content-lg-center justify-content-md-center justify-content-center align-items-lg-stretch align-items-md-stretch align-items-stretch gutters-col-lg-2 gutters-col-md-2 gutters-col-0 gutters-col-v-lg-2 gutters-col-v-md-2 gutters-col-v-2\">\n          <!---->\n          <div class=\"h-column h-column-container d-flex h-col-lg-auto h-col-md-auto h-col-auto style-378-outer style-local-32-c10-outer\">\n            <div data-colibri-id=\"32-c10\" class=\"d-flex h-flex-basis h-column__inner h-px-lg-2 h-px-md-2 h-px-2 v-inner-lg-2 v-inner-md-2 v-inner-2 style-378 style-local-32-c10 position-relative\">\n              <!---->\n              <!---->\n              <div class=\"w-100 h-y-container h-column__content h-column__v-align flex-basis-100 align-self-lg-start align-self-md-start align-self-start\">\n                <!---->\n                <div data-colibri-id=\"32-c11\" class=\"h-global-transition-all h-heading style-379 style-local-32-c11 position-relative h-element\">\n                  <!---->\n                  <div class=\"h-heading__outer style-379 style-local-32-c11\">\n                    <!---->\n                    <!---->\n                    <h1 class=\"\">Especialista en:<\/h1>\n                  <\/div>\n                <\/div>\n              <\/div>\n            <\/div>\n          <\/div>\n        <\/div>\n      <\/div>\n    <\/div>\n  <\/div>\n  <div data-colibri-component=\"section\" data-colibri-id=\"32-c12\" id=\"overlappable\" class=\"h-section h-section-global-spacing d-flex align-items-lg-center align-items-md-center align-items-center style-394 style-local-32-c12 position-relative\">\n    <!---->\n    <!---->\n    <div class=\"h-section-grid-container h-section-boxed-container\">\n      <!---->\n      <div data-colibri-id=\"32-c13\" class=\"h-row-container gutters-row-lg-0 gutters-row-md-0 gutters-row-2 gutters-row-v-lg-0 gutters-row-v-md-0 gutters-row-v-2 style-395 style-local-32-c13 position-relative\">\n        <!---->\n        <div class=\"h-row justify-content-lg-center justify-content-md-center justify-content-center align-items-lg-stretch align-items-md-stretch align-items-stretch gutters-col-lg-0 gutters-col-md-0 gutters-col-2 gutters-col-v-lg-0 gutters-col-v-md-0 gutters-col-v-2\">\n          <!---->\n          <div class=\"h-column h-column-container d-flex h-col-lg-3 h-col-md-3 h-col-12 style-396-outer style-local-32-c14-outer\">\n            <div data-colibri-id=\"32-c14\" class=\"d-flex h-flex-basis h-column__inner h-px-lg-3 h-px-md-3 h-px-2 v-inner-lg-3 v-inner-md-3 v-inner-2 style-396 style-local-32-c14 position-relative\">\n              <!---->\n              <!---->\n              <div class=\"w-100 h-y-container h-column__content h-column__v-align flex-basis-100 align-self-lg-center align-self-md-center align-self-center\">\n                <!---->\n                <div data-colibri-id=\"32-c15\" class=\"h-icon style-397 style-local-32-c15 position-relative h-element\">\n                  <!----><span class=\"h-svg-icon h-icon__icon style-397-icon style-local-32-c15-icon\"><!--Icon by Icons8 Line Awesome (https:\/\/icons8.com\/line-awesome)--><svg version=\"1.1\" xmlns=\"http:\/\/www.w3.org\/2000\/svg\" xmlns:xlink=\"http:\/\/www.w3.org\/1999\/xlink\" id=\"stethoscope\" viewBox=\"0 0 512 545.5\"><path d=\"M112 96c17.673 0 32 14.327 32 32s-14.327 32-32 32c-10.527 0-19.668-5.153-25.5-13-3.984 2.87-6.5 7.555-6.5 13v137c5.743 5.798 39.79 39 80 39s74.257-33.202 80-39V160c0-5.445-2.516-10.13-6.5-13-5.832 7.847-14.973 13-25.5 13-17.673 0-32-14.327-32-32s14.327-32 32-32c12.622 0 23.292 7.385 28.5 18 20.25 5.628 35.5 24.067 35.5 46v150l-4 4.5s-37.69 44.15-92 52V400c0 35.526 28.474 64 64 64s64-28.474 64-64v-80c0-35.157 28.843-64 64-64s64 28.843 64 64v3c18.492 6.69 32 24.328 32 45 0 26.32-21.68 48-48 48s-48-21.68-48-48c0-20.672 13.508-38.31 32-45v-3c0-17.866-14.134-32-32-32s-32 14.134-32 32v80c0 52.826-43.174 96-96 96s-96-43.174-96-96v-33.5c-54.31-7.85-92-52-92-52l-4-4.5V160c0-21.933 15.25-40.372 35.5-46 5.208-10.615 15.878-18 28.5-18zm304 256c-9.026 0-16 6.974-16 16s6.974 16 16 16 16-6.974 16-16-6.974-16-16-16z\"><\/path><\/svg><\/span><\/div>\n                <div\n                  data-colibri-id=\"32-c16\" class=\"h-global-transition-all h-heading style-398 style-local-32-c16 position-relative h-element\">\n                  <!---->\n                  <div class=\"h-heading__outer style-398 style-local-32-c16\">\n                    <!---->\n                    <!---->\n                    <h5 class=\"\">Endourolog\u00eda y Laparoscopia Urol\u00f3gica<\/h5>\n                  <\/div>\n              <\/div>\n            <\/div>\n          <\/div>\n        <\/div>\n        <div class=\"h-column h-column-container d-flex h-col-lg-3 h-col-md-3 h-col-12 style-396-outer style-local-32-c17-outer\">\n          <div data-colibri-id=\"32-c17\" class=\"d-flex h-flex-basis h-column__inner h-px-lg-3 h-px-md-3 h-px-2 v-inner-lg-3 v-inner-md-3 v-inner-2 style-396 style-local-32-c17 position-relative\">\n            <!---->\n            <!---->\n            <div class=\"w-100 h-y-container h-column__content h-column__v-align flex-basis-100 align-self-lg-center align-self-md-center align-self-center\">\n              <!---->\n              <div data-colibri-id=\"32-c18\" class=\"h-icon style-397 style-local-32-c18 position-relative h-element\">\n                <!----><span class=\"h-svg-icon h-icon__icon style-397-icon style-local-32-c18-icon\"><!--Icon by Font Awesome (https:\/\/fontawesome.com)-->\n    <svg version=\"1.1\" xmlns=\"http:\/\/www.w3.org\/2000\/svg\" xmlns:xlink=\"http:\/\/www.w3.org\/1999\/xlink\" id=\"eye\" viewBox=\"0 0 1792 1896.0833\">\n      <path d=\"M1664 960q-152-236-381-353 61 104 61 225 0 185-131.5 316.5T896 1280t-316.5-131.5T448 832q0-121 61-225-229 117-381 353 133 205 333.5 326.5T896 1408t434.5-121.5T1664 960zM944 576q0-20-14-34t-34-14q-125 0-214.5 89.5T592 832q0 20 14 34t34 14 34-14 14-34q0-86 61-147t147-61q20 0 34-14t14-34zm848 384q0 34-20 69-140 230-376.5 368.5T896 1536t-499.5-139T20 1029Q0 994 0 960t20-69q140-229 376.5-368T896 384t499.5 139T1772 891q20 35 20 69z\"><\/path>\n    <\/svg><\/span><\/div>\n              <div data-colibri-id=\"32-c19\" class=\"h-global-transition-all h-heading style-398 style-local-32-c19 position-relative h-element\">\n                <!---->\n                <div class=\"h-heading__outer style-398 style-local-32-c19\">\n                  <!---->\n                  <!---->\n                  <h5 class=\"\">lITIASIS<\/h5>\n                <\/div>\n              <\/div>\n            <\/div>\n          <\/div>\n        <\/div>\n        <div class=\"h-column h-column-container d-flex h-col-lg-3 h-col-md-3 h-col-12 style-396-outer style-local-32-c20-outer\">\n          <div data-colibri-id=\"32-c20\" class=\"d-flex h-flex-basis h-column__inner h-px-lg-3 h-px-md-3 h-px-2 v-inner-lg-3 v-inner-md-3 v-inner-2 style-396 style-local-32-c20 position-relative\">\n            <!---->\n            <!---->\n            <div class=\"w-100 h-y-container h-column__content h-column__v-align flex-basis-100 align-self-lg-center align-self-md-center align-self-center\">\n              <!---->\n              <div data-colibri-id=\"32-c21\" class=\"h-icon style-397 style-local-32-c21 position-relative h-element\">\n                <!----><span class=\"h-svg-icon h-icon__icon style-397-icon style-local-32-c21-icon\"><!--Icon by Font Awesome (https:\/\/fontawesome.com)-->\n    <svg version=\"1.1\" xmlns=\"http:\/\/www.w3.org\/2000\/svg\" xmlns:xlink=\"http:\/\/www.w3.org\/1999\/xlink\" id=\"hospital-o\" viewBox=\"0 0 1552.451 1896.0833\">\n      <path d=\"M384 1312v64q0 13-9.5 22.5T352 1408h-64q-13 0-22.5-9.5T256 1376v-64q0-13 9.5-22.5t22.5-9.5h64q13 0 22.5 9.5t9.5 22.5zm0-256v64q0 13-9.5 22.5T352 1152h-64q-13 0-22.5-9.5T256 1120v-64q0-13 9.5-22.5t22.5-9.5h64q13 0 22.5 9.5t9.5 22.5zm256 0v64q0 13-9.5 22.5T608 1152h-64q-13 0-22.5-9.5T512 1120v-64q0-13 9.5-22.5t22.5-9.5h64q13 0 22.5 9.5t9.5 22.5zM384 800v64q0 13-9.5 22.5T352 896h-64q-13 0-22.5-9.5T256 864v-64q0-13 9.5-22.5T288 768h64q13 0 22.5 9.5T384 800zm768 512v64q0 13-9.5 22.5t-22.5 9.5h-64q-13 0-22.5-9.5t-9.5-22.5v-64q0-13 9.5-22.5t22.5-9.5h64q13 0 22.5 9.5t9.5 22.5zm-256-256v64q0 13-9.5 22.5T864 1152h-64q-13 0-22.5-9.5T768 1120v-64q0-13 9.5-22.5t22.5-9.5h64q13 0 22.5 9.5t9.5 22.5zM640 800v64q0 13-9.5 22.5T608 896h-64q-13 0-22.5-9.5T512 864v-64q0-13 9.5-22.5T544 768h64q13 0 22.5 9.5T640 800zm512 256v64q0 13-9.5 22.5t-22.5 9.5h-64q-13 0-22.5-9.5t-9.5-22.5v-64q0-13 9.5-22.5t22.5-9.5h64q13 0 22.5 9.5t9.5 22.5zM896 800v64q0 13-9.5 22.5T864 896h-64q-13 0-22.5-9.5T768 864v-64q0-13 9.5-22.5T800 768h64q13 0 22.5 9.5T896 800zm256 0v64q0 13-9.5 22.5T1120 896h-64q-13 0-22.5-9.5T1024 864v-64q0-13 9.5-22.5t22.5-9.5h64q13 0 22.5 9.5t9.5 22.5zm-256 864h384V512h-256v32q0 40-28 68t-68 28H480q-40 0-68-28t-28-68v-32H128v1152h384v-224q0-13 9.5-22.5t22.5-9.5h320q13 0 22.5 9.5t9.5 22.5v224zm0-1184V160q0-13-9.5-22.5T864 128h-64q-13 0-22.5 9.5T768 160v96H640v-96q0-13-9.5-22.5T608 128h-64q-13 0-22.5 9.5T512 160v320q0 13 9.5 22.5T544 512h64q13 0 22.5-9.5T640 480v-96h128v96q0 13 9.5 22.5T800 512h64q13 0 22.5-9.5T896 480zm512-32v1280q0 26-19 45t-45 19H64q-26 0-45-19t-19-45V448q0-26 19-45t45-19h320V96q0-40 28-68t68-28h448q40 0 68 28t28 68v288h320q26 0 45 19t19 45z\"><\/path>\n    <\/svg><\/span><\/div>\n              <div data-colibri-id=\"32-c22\" class=\"h-global-transition-all h-heading style-398 style-local-32-c22 position-relative h-element\">\n                <!---->\n                <div class=\"h-heading__outer style-398 style-local-32-c22\">\n                  <!---->\n                  <!---->\n                  <h5 class=\"\">cIRUG\u00cdA uROL\u00d3GICA<\/h5>\n                <\/div>\n              <\/div>\n            <\/div>\n          <\/div>\n        <\/div>\n        <div class=\"h-column h-column-container d-flex h-col-lg-3 h-col-md-3 h-col-12 style-400-outer style-local-32-c23-outer\">\n          <div data-colibri-id=\"32-c23\" class=\"d-flex h-flex-basis h-column__inner h-px-lg-3 h-px-md-3 h-px-2 v-inner-lg-3 v-inner-md-3 v-inner-2 style-400 style-local-32-c23 position-relative\">\n            <!---->\n            <!---->\n            <div class=\"w-100 h-y-container h-column__content h-column__v-align flex-basis-100 align-self-lg-center align-self-md-center align-self-center\">\n              <!---->\n              <div data-colibri-id=\"32-c24\" class=\"h-icon style-397 style-local-32-c24 position-relative h-element\">\n                <!----><span class=\"h-svg-icon h-icon__icon style-397-icon style-local-32-c24-icon\"><!--Icon by Font Awesome (https:\/\/fontawesome.com)-->\n    <svg version=\"1.1\" xmlns=\"http:\/\/www.w3.org\/2000\/svg\" xmlns:xlink=\"http:\/\/www.w3.org\/1999\/xlink\" id=\"user-md\" viewBox=\"0 0 1428.0134 1896.0833\">\n      <path d=\"M384 1344q0 26-19 45t-45 19-45-19-19-45 19-45 45-19 45 19 19 45zm1024 61q0 121-73 190t-194 69H267q-121 0-194-69T0 1405q0-68 5.5-131t24-138T77 1003.5t81-103T278 840q-22 52-22 120v203q-58 20-93 70t-35 111q0 80 56 136t136 56 136-56 56-136q0-61-35.5-111t-92.5-70V960q0-62 25-93 132 104 295 104t295-104q25 31 25 93v64q-106 0-181 75t-75 181v89q-32 29-32 71 0 40 28 68t68 28 68-28 28-68q0-42-32-71v-89q0-52 38-90t90-38 90 38 38 90v89q-32 29-32 71 0 40 28 68t68 28 68-28 28-68q0-42-32-71v-89q0-68-34.5-127.5T1152 1059q0-10 .5-42.5t0-48-2.5-41.5-7-47-13-40q68 15 120 60.5t81 103 47.5 132.5 24 138 5.5 131zm-320-893q0 159-112.5 271.5T704 896 432.5 783.5 320 512t112.5-271.5T704 128t271.5 112.5T1088 512z\"><\/path>\n    <\/svg><\/span><\/div>\n              <div data-colibri-id=\"32-c25\" class=\"h-global-transition-all h-heading style-398 style-local-32-c25 position-relative h-element\">\n                <!---->\n                <div class=\"h-heading__outer style-398 style-local-32-c25\">\n                  <!---->\n                  <!---->\n                  <h5 class=\"\">cIRUG\u00cdA DE pR\u00d3STATA<\/h5>\n                <\/div>\n              <\/div>\n            <\/div>\n          <\/div>\n        <\/div>\n      <\/div>\n    <\/div>\n  <\/div>\n<\/div>\n<\/div>","protected":false},"excerpt":{"rendered":"<p>Dr. Alejandro Garza Mart\u00ednez Cirujano Ur\u00f3logo Certificado Qu\u00e9 tal, soy el Dr. Alejandro Garza Mart\u00ednez, soy Cirujano Ur\u00f3logo Certificado y me dedico a la pr\u00e1ctica privada y p\u00fablica de mi especialidad en la ciudad de M\u00e9rida, Yuc. Me gustar\u00eda ayudarte, cu\u00e9ntame tu problema m\u00e9dico urol\u00f3gico, estoy para escucharte y para que juntos podamos encontrar una [&hellip;]<\/p>\n","protected":false},"author":1,"featured_media":0,"parent":0,"menu_order":0,"comment_status":"closed","ping_status":"closed","template":"page-templates\/full-width-page.php","meta":{"footnotes":""},"_links":{"self":[{"href":"https:\/\/drgarzaurologoenmerida.com\/my\/wp-json\/wp\/v2\/pages\/32"}],"collection":[{"href":"https:\/\/drgarzaurologoenmerida.com\/my\/wp-json\/wp\/v2\/pages"}],"about":[{"href":"https:\/\/drgarzaurologoenmerida.com\/my\/wp-json\/wp\/v2\/types\/page"}],"author":[{"embeddable":true,"href":"https:\/\/drgarzaurologoenmerida.com\/my\/wp-json\/wp\/v2\/users\/1"}],"replies":[{"embeddable":true,"href":"https:\/\/drgarzaurologoenmerida.com\/my\/wp-json\/wp\/v2\/comments?post=32"}],"version-history":[{"count":11,"href":"https:\/\/drgarzaurologoenmerida.com\/my\/wp-json\/wp\/v2\/pages\/32\/revisions"}],"predecessor-version":[{"id":1189,"href":"https:\/\/drgarzaurologoenmerida.com\/my\/wp-json\/wp\/v2\/pages\/32\/revisions\/1189"}],"wp:attachment":[{"href":"https:\/\/drgarzaurologoenmerida.com\/my\/wp-json\/wp\/v2\/media?parent=32"}],"curies":[{"name":"wp","href":"https:\/\/api.w.org\/{rel}","templated":true}]}}