{"id":16,"date":"2024-02-01T21:34:36","date_gmt":"2024-02-01T21:34:36","guid":{"rendered":"https:\/\/drgarzaurologoenmerida.com\/my\/contact-us\/"},"modified":"2024-08-08T13:38:13","modified_gmt":"2024-08-08T19:38:13","slug":"contactanos","status":"publish","type":"page","link":"https:\/\/drgarzaurologoenmerida.com\/my\/contactanos\/","title":{"rendered":"Cont\u00e1ctanos"},"content":{"rendered":"<div class=\"style-472 style-local-16-c1 position-relative\" data-colibri-id=\"16-c1\">\r\n<div id=\"about\" class=\"h-section h-section-global-spacing d-flex align-items-lg-center align-items-md-center align-items-center style-488 style-local-16-c2 position-relative\" data-colibri-component=\"section\" data-colibri-id=\"16-c2\">\r\n<div class=\"h-section-grid-container h-section-boxed-container\">\r\n<div class=\"h-row-container gutters-row-lg-0 gutters-row-md-0 gutters-row-0 gutters-row-v-lg-0 gutters-row-v-md-0 gutters-row-v-0 style-489 style-local-16-c3 position-relative\" data-colibri-id=\"16-c3\">\r\n<div class=\"h-row justify-content-lg-center justify-content-md-center justify-content-center align-items-lg-stretch align-items-md-stretch align-items-stretch gutters-col-lg-0 gutters-col-md-0 gutters-col-0 gutters-col-v-lg-0 gutters-col-v-md-0 gutters-col-v-0\">\r\n<div class=\"h-column h-column-container d-flex h-col-lg-auto h-col-md-auto h-col-auto style-490-outer style-local-16-c4-outer\">\r\n<div class=\"d-flex h-flex-basis h-column__inner h-px-lg-0 h-px-md-0 h-px-0 v-inner-lg-0 v-inner-md-0 v-inner-0 style-490 style-local-16-c4 position-relative\" data-colibri-id=\"16-c4\">\r\n<div class=\"w-100 h-y-container h-column__content h-column__v-align flex-basis-100 align-self-lg-start align-self-md-start align-self-start\">\r\n<div class=\"h-global-transition-all h-heading style-491 style-local-16-c5 position-relative h-element\" data-colibri-id=\"16-c5\">\r\n<div class=\"h-heading__outer style-491 style-local-16-c5\">\r\n<h5 class=\"\"><\/h5>\r\n<\/div>\r\n<\/div>\r\n<div class=\"h-global-transition-all h-heading style-492 style-local-16-c6 position-relative h-element\" data-colibri-id=\"16-c6\">\r\n<div class=\"h-heading__outer style-492 style-local-16-c6\">\r\n<h2 class=\"\">Telefonos y <em style=\"font-family: Playfair Display;\">Direcci\u00f3n<\/em><\/h2>\r\n<\/div>\r\n<\/div>\r\n<div class=\"h-text h-text-component style-493 style-local-16-c7 position-relative h-element\" data-colibri-id=\"16-c7\">\r\n<div class=\"\">\r\n\r\nCelular: 9995124602\r\n\r\n<strong>Consultorio 108<\/strong> Torre M\u00e9dico Pensiones\r\n\r\n<strong>Direcci\u00f3n: <\/strong>Av. 7 # 215A x 32 y 34 interior estacionamiento Centro M\u00e9dico Pensiones. Col. Garc\u00eda Giner\u00e9s\r\n\r\n<\/div>\r\n<\/div>\r\n<\/div>\r\n<\/div>\r\n<\/div>\r\n<div class=\"h-column h-column-container d-flex h-col-lg-auto h-col-md-auto h-col-auto style-494-outer style-local-16-c8-outer\">\r\n<div class=\"d-flex h-flex-basis h-column__inner h-ui-empty-state-container h-px-lg-2 h-px-md-2 h-px-2 v-inner-lg-2 v-inner-md-2 v-inner-2 style-494 style-local-16-c8 position-relative\" data-colibri-id=\"16-c8\">\r\n<div class=\"w-100 h-y-container h-column__content h-column__v-align flex-basis-100\"><\/div>\r\n<\/div>\r\n<\/div>\r\n<\/div>\r\n<\/div>\r\n<\/div>\r\n<\/div>\r\n<div id=\"about-2\" class=\"h-section h-section-global-spacing d-flex align-items-lg-center align-items-md-center align-items-center style-519 style-local-16-c9 position-relative\" data-colibri-component=\"section\" data-colibri-id=\"16-c9\">\r\n<div class=\"h-section-grid-container h-section-boxed-container\">\r\n<div class=\"h-row-container gutters-row-lg-3 gutters-row-md-3 gutters-row-0 gutters-row-v-lg-3 gutters-row-v-md-3 gutters-row-v-3 style-520 style-local-16-c10 position-relative\" data-colibri-id=\"16-c10\">\r\n<div class=\"h-row justify-content-lg-center justify-content-md-center justify-content-center align-items-lg-stretch align-items-md-stretch align-items-stretch gutters-col-lg-3 gutters-col-md-3 gutters-col-0 gutters-col-v-lg-3 gutters-col-v-md-3 gutters-col-v-3\">\r\n<div class=\"h-column h-column-container d-flex h-col-lg-auto h-col-md-auto h-col-auto style-521-outer style-local-16-c11-outer\">\r\n<div class=\"d-flex h-flex-basis h-column__inner h-px-lg-2 h-px-md-2 h-px-2 v-inner-lg-0 v-inner-md-0 v-inner-0 style-521 style-local-16-c11 position-relative\" data-colibri-id=\"16-c11\">\r\n<div class=\"w-100 h-y-container h-column__content h-column__v-align flex-basis-100 align-self-lg-start align-self-md-start align-self-start\">\r\n<div class=\"h-global-transition-all h-heading style-522 style-local-16-c12 position-relative h-element\" data-colibri-id=\"16-c12\">\r\n<div class=\"h-heading__outer style-522 style-local-16-c12\">\r\n<h5 class=\"\"><\/h5>\r\n<\/div>\r\n<\/div>\r\n<div class=\"h-global-transition-all h-heading style-523 style-local-16-c13 position-relative h-element\" data-colibri-id=\"16-c13\">\r\n<div class=\"h-heading__outer style-523 style-local-16-c13\">\r\n<h2 class=\"\"><iframe src=\"https:\/\/www.google.com\/maps\/embed?pb=!1m18!1m12!1m3!1d3724.935654249903!2d-89.64080012399492!3d20.99521628892841!2m3!1f0!2f0!3f0!3m2!1i1024!2i768!4f13.1!3m3!1m2!1s0x8f5676b010b39471%3A0x3261d9c979942df!2sCentro%20M%C3%A9dico%20Pensiones!5e0!3m2!1ses-419!2smx!4v1723145064928!5m2!1ses-419!2smx\" width=\"1100\" height=\"600\" style=\"border:0;\" allowfullscreen=\"\" loading=\"lazy\" referrerpolicy=\"no-referrer-when-downgrade\"><\/iframe><\/h2>\r\n<\/div>\r\n<\/div>\r\n<div class=\"h-text h-text-component style-524 style-local-16-c14 position-relative h-element\" data-colibri-id=\"16-c14\">\r\n<div class=\"\"><\/div>\r\n<\/div>\r\n<\/div>\r\n<\/div>\r\n<\/div>\r\n<\/div>\r\n<\/div>\r\n<\/div>\r\n<\/div>\r\n<\/div>","protected":false},"excerpt":{"rendered":"<p>Telefonos y Direcci\u00f3n Celular: 9995124602 Consultorio 108 Torre M\u00e9dico Pensiones Direcci\u00f3n: Av. 7 # 215A x 32 y 34 interior estacionamiento Centro M\u00e9dico Pensiones. Col. Garc\u00eda Giner\u00e9s<\/p>\n","protected":false},"author":1,"featured_media":0,"parent":0,"menu_order":0,"comment_status":"closed","ping_status":"closed","template":"page-templates\/full-width-page.php","meta":{"footnotes":""},"_links":{"self":[{"href":"https:\/\/drgarzaurologoenmerida.com\/my\/wp-json\/wp\/v2\/pages\/16"}],"collection":[{"href":"https:\/\/drgarzaurologoenmerida.com\/my\/wp-json\/wp\/v2\/pages"}],"about":[{"href":"https:\/\/drgarzaurologoenmerida.com\/my\/wp-json\/wp\/v2\/types\/page"}],"author":[{"embeddable":true,"href":"https:\/\/drgarzaurologoenmerida.com\/my\/wp-json\/wp\/v2\/users\/1"}],"replies":[{"embeddable":true,"href":"https:\/\/drgarzaurologoenmerida.com\/my\/wp-json\/wp\/v2\/comments?post=16"}],"version-history":[{"count":20,"href":"https:\/\/drgarzaurologoenmerida.com\/my\/wp-json\/wp\/v2\/pages\/16\/revisions"}],"predecessor-version":[{"id":1374,"href":"https:\/\/drgarzaurologoenmerida.com\/my\/wp-json\/wp\/v2\/pages\/16\/revisions\/1374"}],"wp:attachment":[{"href":"https:\/\/drgarzaurologoenmerida.com\/my\/wp-json\/wp\/v2\/media?parent=16"}],"curies":[{"name":"wp","href":"https:\/\/api.w.org\/{rel}","templated":true}]}}